{"id":373,"date":"2022-12-30T08:10:06","date_gmt":"2022-12-30T08:10:06","guid":{"rendered":"https:\/\/metallum.se\/?page_id=373"},"modified":"2024-08-18T09:03:00","modified_gmt":"2024-08-18T09:03:00","slug":"tjanster","status":"publish","type":"page","link":"https:\/\/metallum.se\/?page_id=373","title":{"rendered":"Om oss"},"content":{"rendered":"\t\t<div data-elementor-type=\"wp-page\" data-elementor-id=\"373\" class=\"elementor elementor-373\">\n\t\t\t\t\t\t<section class=\"elementor-section elementor-top-section elementor-element elementor-element-f338c0f elementor-section-boxed elementor-section-height-default elementor-section-height-default\" data-id=\"f338c0f\" data-element_type=\"section\" data-e-type=\"section\">\n\t\t\t\t\t\t<div class=\"elementor-container elementor-column-gap-default\">\n\t\t\t\t\t<div class=\"elementor-column elementor-col-100 elementor-top-column elementor-element elementor-element-130287f3\" data-id=\"130287f3\" data-element_type=\"column\" data-e-type=\"column\">\n\t\t\t<div class=\"elementor-widget-wrap elementor-element-populated\">\n\t\t\t\t\t\t<div class=\"elementor-element elementor-element-28c70fc5 elementor-widget elementor-widget-text-editor\" data-id=\"28c70fc5\" data-element_type=\"widget\" data-e-type=\"widget\" data-widget_type=\"text-editor.default\">\n\t\t\t\t<div class=\"elementor-widget-container\">\n\t\t\t\t\t\t\t\t\t<p><\/p>\n<p>Metallum h\u00e5ller till i Haninge, n\u00e5gra mil s\u00f6der om Stockholm, och vi utf\u00f6r sk\u00e4rande bearbetning av fr\u00e4mst metaller i traditionella verkstadsmaskiner som <a href=\"https:\/\/metallum.se\/?page_id=569\" data-type=\"page\" data-id=\"569\">Svarv<\/a>\u00a0och\u00a0<a href=\"https:\/\/metallum.se\/?page_id=590\" data-type=\"page\" data-id=\"590\">Fr\u00e4s<\/a>, i sm\u00e5 serier. Vi kan t ex g\u00f6ra en specialg\u00e4nga som inte finns att k\u00f6pa, ta fram komponenter eller fungerande\u00a0<a href=\"https:\/\/metallum.se\/?cat=13\" data-type=\"category\" data-id=\"13\">prototyper<\/a>, tillverka fixturer, jiggar och produktionsverktyg, utf\u00f6ra\u00a0<a href=\"https:\/\/metallum.se\/?cat=11\" data-type=\"category\" data-id=\"11\">maskinreparationer<\/a> mm.<\/p>\n<p><\/p>\n<p><\/p>\n<p>Vi har Aluminium, Koppar, M\u00e4ssing, Plast, Rostfritt, St\u00e5l och Titan i olika kvaliteter p\u00e5 lager, och det vi inte har hemma skaffar vi p\u00e5 n\u00e5gra dagar. <br \/>V\u00e5rt n\u00e4tverk l\u00f6ser det vi inte kan hj\u00e4lpa er med, ber\u00e4tta vad ni vill ha s\u00e5 ordnar vi det eller ber\u00e4ttar vart du ska v\u00e4nda dig f\u00f6r att f\u00e5 det gjort.<\/p>\n<p><\/p>\n<p><\/p>\n<p>Ring 0700-767601 eller skicka en fr\u00e5ga till oss h\u00e4r:<\/p>\n<p><\/p>\n<p><\/p>\n<p><\/p>\n<p>\n<div class=\"wp-block-contact-form-7-contact-form-selector\">\n<div class=\"wpcf7 no-js\" id=\"wpcf7-f443-o1\" lang=\"sv-SE\" dir=\"ltr\" data-wpcf7-id=\"443\">\n<div class=\"screen-reader-response\"><p role=\"status\" aria-live=\"polite\" aria-atomic=\"true\"><\/p> <ul><\/ul><\/div>\n<form action=\"\/index.php?rest_route=%2Fwp%2Fv2%2Fpages%2F373#wpcf7-f443-o1\" method=\"post\" class=\"wpcf7-form init\" aria-label=\"Kontaktformul\u00e4r\" novalidate=\"novalidate\" data-status=\"init\">\n<fieldset class=\"hidden-fields-container\"><input type=\"hidden\" name=\"_wpcf7\" value=\"443\" \/><input type=\"hidden\" name=\"_wpcf7_version\" value=\"6.1.5\" \/><input type=\"hidden\" name=\"_wpcf7_locale\" value=\"sv_SE\" \/><input type=\"hidden\" name=\"_wpcf7_unit_tag\" value=\"wpcf7-f443-o1\" \/><input type=\"hidden\" name=\"_wpcf7_container_post\" value=\"0\" \/><input type=\"hidden\" name=\"_wpcf7_posted_data_hash\" value=\"\" \/>\n<\/fieldset>\n<p><label> Ditt namn<br \/>\n<span class=\"wpcf7-form-control-wrap\" data-name=\"your-name\"><input size=\"40\" maxlength=\"400\" class=\"wpcf7-form-control wpcf7-text wpcf7-validates-as-required\" autocomplete=\"name\" aria-required=\"true\" aria-invalid=\"false\" value=\"\" type=\"text\" name=\"your-name\" \/><\/span> <\/label>\n<\/p>\n<p><label> Din e-post<br \/>\n<span class=\"wpcf7-form-control-wrap\" data-name=\"your-email\"><input size=\"40\" maxlength=\"400\" class=\"wpcf7-form-control wpcf7-email wpcf7-validates-as-required wpcf7-text wpcf7-validates-as-email\" autocomplete=\"email\" aria-required=\"true\" aria-invalid=\"false\" value=\"\" type=\"email\" name=\"your-email\" \/><\/span> <\/label>\n<\/p>\n<p><label> \u00c4mne<br \/>\n<span class=\"wpcf7-form-control-wrap\" data-name=\"your-subject\"><input size=\"40\" maxlength=\"400\" class=\"wpcf7-form-control wpcf7-text wpcf7-validates-as-required\" aria-required=\"true\" aria-invalid=\"false\" value=\"\" type=\"text\" name=\"your-subject\" \/><\/span> <\/label>\n<\/p>\n<p><label> Ditt meddelande (valfritt)<br \/>\n<span class=\"wpcf7-form-control-wrap\" data-name=\"your-message\"><textarea cols=\"40\" rows=\"10\" maxlength=\"2000\" class=\"wpcf7-form-control wpcf7-textarea\" aria-invalid=\"false\" name=\"your-message\"><\/textarea><\/span> <\/label>\n<\/p>\n<p><input class=\"wpcf7-form-control wpcf7-submit has-spinner\" type=\"submit\" value=\"Skicka\" \/>\n<\/p><p style=\"display: none !important;\" class=\"akismet-fields-container\" data-prefix=\"_wpcf7_ak_\"><label>&#916;<textarea name=\"_wpcf7_ak_hp_textarea\" cols=\"45\" rows=\"8\" maxlength=\"100\"><\/textarea><\/label><input type=\"hidden\" id=\"ak_js_1\" name=\"_wpcf7_ak_js\" value=\"74\"\/><script>document.getElementById( \"ak_js_1\" ).setAttribute( \"value\", ( new Date() ).getTime() );<\/script><\/p><div class=\"wpcf7-response-output\" aria-hidden=\"true\"><\/div>\n<\/form>\n<\/div>\n<\/div>\n<\/p>\t\t\t\t\t\t\t\t<\/div>\n\t\t\t\t<\/div>\n\t\t\t\t\t<\/div>\n\t\t<\/div>\n\t\t\t\t\t<\/div>\n\t\t<\/section>\n\t\t\t\t<section class=\"elementor-section elementor-top-section elementor-element elementor-element-ce76e34 elementor-section-boxed elementor-section-height-default elementor-section-height-default\" data-id=\"ce76e34\" data-element_type=\"section\" data-e-type=\"section\">\n\t\t\t\t\t\t<div class=\"elementor-container elementor-column-gap-default\">\n\t\t\t\t\t<div class=\"elementor-column elementor-col-100 elementor-top-column elementor-element elementor-element-5f284f6\" data-id=\"5f284f6\" data-element_type=\"column\" data-e-type=\"column\">\n\t\t\t<div class=\"elementor-widget-wrap elementor-element-populated\">\n\t\t\t\t\t\t<div class=\"elementor-element elementor-element-6c49dc5 elementor-widget elementor-widget-button\" data-id=\"6c49dc5\" data-element_type=\"widget\" data-e-type=\"widget\" data-widget_type=\"button.default\">\n\t\t\t\t<div class=\"elementor-widget-container\">\n\t\t\t\t\t\t\t\t\t<div class=\"elementor-button-wrapper\">\n\t\t\t\t\t<a class=\"elementor-button elementor-button-link elementor-size-sm\" href=\"mailto:%20info@metallum.se\">\n\t\t\t\t\t\t<span class=\"elementor-button-content-wrapper\">\n\t\t\t\t\t\t\t\t\t<span class=\"elementor-button-text\">Kontakta oss<\/span>\n\t\t\t\t\t<\/span>\n\t\t\t\t\t<\/a>\n\t\t\t\t<\/div>\n\t\t\t\t\t\t\t\t<\/div>\n\t\t\t\t<\/div>\n\t\t\t\t\t<\/div>\n\t\t<\/div>\n\t\t\t\t\t<\/div>\n\t\t<\/section>\n\t\t\t\t<\/div>\n\t\t","protected":false},"excerpt":{"rendered":"<p>Metallum h\u00e5ller till i Haninge, n\u00e5gra mil s\u00f6der om Stockholm, och vi utf\u00f6r sk\u00e4rande bearbetning av fr\u00e4mst metaller i traditionella verkstadsmaskiner som Svarv\u00a0och\u00a0Fr\u00e4s, i sm\u00e5 serier. Vi kan t ex g\u00f6ra en specialg\u00e4nga som inte finns att k\u00f6pa, ta fram komponenter eller fungerande\u00a0prototyper, tillverka fixturer, jiggar och produktionsverktyg, utf\u00f6ra\u00a0maskinreparationer mm. Vi har Aluminium, Koppar, M\u00e4ssing, [&hellip;]<\/p>\n","protected":false},"author":1,"featured_media":0,"parent":0,"menu_order":10,"comment_status":"closed","ping_status":"closed","template":"","meta":{"site-sidebar-layout":"default","site-content-layout":"","ast-site-content-layout":"default","site-content-style":"default","site-sidebar-style":"default","ast-global-header-display":"","ast-banner-title-visibility":"","ast-main-header-display":"","ast-hfb-above-header-display":"","ast-hfb-below-header-display":"","ast-hfb-mobile-header-display":"","site-post-title":"","ast-breadcrumbs-content":"","ast-featured-img":"","footer-sml-layout":"","ast-disable-related-posts":"","theme-transparent-header-meta":"","adv-header-id-meta":"","stick-header-meta":"","header-above-stick-meta":"","header-main-stick-meta":"","header-below-stick-meta":"","astra-migrate-meta-layouts":"default","ast-page-background-enabled":"default","ast-page-background-meta":{"desktop":{"background-color":"var(--ast-global-color-4)","background-image":"","background-repeat":"repeat","background-position":"center center","background-size":"auto","background-attachment":"scroll","background-type":"","background-media":"","overlay-type":"","overlay-color":"","overlay-opacity":"","overlay-gradient":""},"tablet":{"background-color":"","background-image":"","background-repeat":"repeat","background-position":"center center","background-size":"auto","background-attachment":"scroll","background-type":"","background-media":"","overlay-type":"","overlay-color":"","overlay-opacity":"","overlay-gradient":""},"mobile":{"background-color":"","background-image":"","background-repeat":"repeat","background-position":"center center","background-size":"auto","background-attachment":"scroll","background-type":"","background-media":"","overlay-type":"","overlay-color":"","overlay-opacity":"","overlay-gradient":""}},"ast-content-background-meta":{"desktop":{"background-color":"var(--ast-global-color-5)","background-image":"","background-repeat":"repeat","background-position":"center center","background-size":"auto","background-attachment":"scroll","background-type":"","background-media":"","overlay-type":"","overlay-color":"","overlay-opacity":"","overlay-gradient":""},"tablet":{"background-color":"var(--ast-global-color-5)","background-image":"","background-repeat":"repeat","background-position":"center center","background-size":"auto","background-attachment":"scroll","background-type":"","background-media":"","overlay-type":"","overlay-color":"","overlay-opacity":"","overlay-gradient":""},"mobile":{"background-color":"var(--ast-global-color-5)","background-image":"","background-repeat":"repeat","background-position":"center center","background-size":"auto","background-attachment":"scroll","background-type":"","background-media":"","overlay-type":"","overlay-color":"","overlay-opacity":"","overlay-gradient":""}},"footnotes":""},"class_list":["post-373","page","type-page","status-publish","hentry"],"yoast_head":"<!-- This site is optimized with the Yoast SEO plugin v27.4 - https:\/\/yoast.com\/product\/yoast-seo-wordpress\/ -->\n<title>Om oss - Metallum - Prototyp &amp; Teknik<\/title>\n<meta name=\"robots\" content=\"index, follow, max-snippet:-1, max-image-preview:large, max-video-preview:-1\" \/>\n<link rel=\"canonical\" href=\"https:\/\/metallum.se\/?page_id=373\" \/>\n<meta property=\"og:locale\" content=\"sv_SE\" \/>\n<meta property=\"og:type\" content=\"article\" \/>\n<meta property=\"og:title\" content=\"Om oss - Metallum - Prototyp &amp; Teknik\" \/>\n<meta property=\"og:description\" content=\"Metallum h\u00e5ller till i Haninge, n\u00e5gra mil s\u00f6der om Stockholm, och vi utf\u00f6r sk\u00e4rande bearbetning av fr\u00e4mst metaller i traditionella verkstadsmaskiner som Svarv\u00a0och\u00a0Fr\u00e4s, i sm\u00e5 serier. Vi kan t ex g\u00f6ra en specialg\u00e4nga som inte finns att k\u00f6pa, ta fram komponenter eller fungerande\u00a0prototyper, tillverka fixturer, jiggar och produktionsverktyg, utf\u00f6ra\u00a0maskinreparationer mm. Vi har Aluminium, Koppar, M\u00e4ssing, [&hellip;]\" \/>\n<meta property=\"og:url\" content=\"https:\/\/metallum.se\/?page_id=373\" \/>\n<meta property=\"og:site_name\" content=\"Metallum - Prototyp &amp; Teknik\" \/>\n<meta property=\"article:modified_time\" content=\"2024-08-18T09:03:00+00:00\" \/>\n<meta name=\"twitter:card\" content=\"summary_large_image\" \/>\n<meta name=\"twitter:label1\" content=\"Ber\u00e4knad l\u00e4stid\" \/>\n\t<meta name=\"twitter:data1\" content=\"1 minut\" \/>\n<script type=\"application\/ld+json\" class=\"yoast-schema-graph\">{\"@context\":\"https:\\\/\\\/schema.org\",\"@graph\":[{\"@type\":\"WebPage\",\"@id\":\"https:\\\/\\\/metallum.se\\\/?page_id=373\",\"url\":\"https:\\\/\\\/metallum.se\\\/?page_id=373\",\"name\":\"Om oss - Metallum - Prototyp &amp; Teknik\",\"isPartOf\":{\"@id\":\"https:\\\/\\\/metallum.se\\\/#website\"},\"datePublished\":\"2022-12-30T08:10:06+00:00\",\"dateModified\":\"2024-08-18T09:03:00+00:00\",\"breadcrumb\":{\"@id\":\"https:\\\/\\\/metallum.se\\\/?page_id=373#breadcrumb\"},\"inLanguage\":\"sv-SE\",\"potentialAction\":[{\"@type\":\"ReadAction\",\"target\":[\"https:\\\/\\\/metallum.se\\\/?page_id=373\"]}]},{\"@type\":\"BreadcrumbList\",\"@id\":\"https:\\\/\\\/metallum.se\\\/?page_id=373#breadcrumb\",\"itemListElement\":[{\"@type\":\"ListItem\",\"position\":1,\"name\":\"Hem\",\"item\":\"https:\\\/\\\/metallum.se\\\/\"},{\"@type\":\"ListItem\",\"position\":2,\"name\":\"Om oss\"}]},{\"@type\":\"WebSite\",\"@id\":\"https:\\\/\\\/metallum.se\\\/#website\",\"url\":\"https:\\\/\\\/metallum.se\\\/\",\"name\":\"Metallum - Prototyp &amp; Teknik\",\"description\":\"Hantverk, helt enkelt\",\"publisher\":{\"@id\":\"https:\\\/\\\/metallum.se\\\/#organization\"},\"potentialAction\":[{\"@type\":\"SearchAction\",\"target\":{\"@type\":\"EntryPoint\",\"urlTemplate\":\"https:\\\/\\\/metallum.se\\\/?s={search_term_string}\"},\"query-input\":{\"@type\":\"PropertyValueSpecification\",\"valueRequired\":true,\"valueName\":\"search_term_string\"}}],\"inLanguage\":\"sv-SE\"},{\"@type\":\"Organization\",\"@id\":\"https:\\\/\\\/metallum.se\\\/#organization\",\"name\":\"Metallum - Prototyp &amp; Teknik\",\"url\":\"https:\\\/\\\/metallum.se\\\/\",\"logo\":{\"@type\":\"ImageObject\",\"inLanguage\":\"sv-SE\",\"@id\":\"https:\\\/\\\/metallum.se\\\/#\\\/schema\\\/logo\\\/image\\\/\",\"url\":\"https:\\\/\\\/i0.wp.com\\\/metallum.se\\\/wp-content\\\/uploads\\\/2023\\\/01\\\/cropped-Metallum-Logo-6.jpg?fit=250%2C250&ssl=1\",\"contentUrl\":\"https:\\\/\\\/i0.wp.com\\\/metallum.se\\\/wp-content\\\/uploads\\\/2023\\\/01\\\/cropped-Metallum-Logo-6.jpg?fit=250%2C250&ssl=1\",\"width\":250,\"height\":250,\"caption\":\"Metallum - Prototyp &amp; Teknik\"},\"image\":{\"@id\":\"https:\\\/\\\/metallum.se\\\/#\\\/schema\\\/logo\\\/image\\\/\"}}]}<\/script>\n<!-- \/ Yoast SEO plugin. -->","yoast_head_json":{"title":"Om oss - Metallum - Prototyp &amp; Teknik","robots":{"index":"index","follow":"follow","max-snippet":"max-snippet:-1","max-image-preview":"max-image-preview:large","max-video-preview":"max-video-preview:-1"},"canonical":"https:\/\/metallum.se\/?page_id=373","og_locale":"sv_SE","og_type":"article","og_title":"Om oss - Metallum - Prototyp &amp; Teknik","og_description":"Metallum h\u00e5ller till i Haninge, n\u00e5gra mil s\u00f6der om Stockholm, och vi utf\u00f6r sk\u00e4rande bearbetning av fr\u00e4mst metaller i traditionella verkstadsmaskiner som Svarv\u00a0och\u00a0Fr\u00e4s, i sm\u00e5 serier. Vi kan t ex g\u00f6ra en specialg\u00e4nga som inte finns att k\u00f6pa, ta fram komponenter eller fungerande\u00a0prototyper, tillverka fixturer, jiggar och produktionsverktyg, utf\u00f6ra\u00a0maskinreparationer mm. Vi har Aluminium, Koppar, M\u00e4ssing, [&hellip;]","og_url":"https:\/\/metallum.se\/?page_id=373","og_site_name":"Metallum - Prototyp &amp; Teknik","article_modified_time":"2024-08-18T09:03:00+00:00","twitter_card":"summary_large_image","twitter_misc":{"Ber\u00e4knad l\u00e4stid":"1 minut"},"schema":{"@context":"https:\/\/schema.org","@graph":[{"@type":"WebPage","@id":"https:\/\/metallum.se\/?page_id=373","url":"https:\/\/metallum.se\/?page_id=373","name":"Om oss - Metallum - Prototyp &amp; Teknik","isPartOf":{"@id":"https:\/\/metallum.se\/#website"},"datePublished":"2022-12-30T08:10:06+00:00","dateModified":"2024-08-18T09:03:00+00:00","breadcrumb":{"@id":"https:\/\/metallum.se\/?page_id=373#breadcrumb"},"inLanguage":"sv-SE","potentialAction":[{"@type":"ReadAction","target":["https:\/\/metallum.se\/?page_id=373"]}]},{"@type":"BreadcrumbList","@id":"https:\/\/metallum.se\/?page_id=373#breadcrumb","itemListElement":[{"@type":"ListItem","position":1,"name":"Hem","item":"https:\/\/metallum.se\/"},{"@type":"ListItem","position":2,"name":"Om oss"}]},{"@type":"WebSite","@id":"https:\/\/metallum.se\/#website","url":"https:\/\/metallum.se\/","name":"Metallum - Prototyp &amp; Teknik","description":"Hantverk, helt enkelt","publisher":{"@id":"https:\/\/metallum.se\/#organization"},"potentialAction":[{"@type":"SearchAction","target":{"@type":"EntryPoint","urlTemplate":"https:\/\/metallum.se\/?s={search_term_string}"},"query-input":{"@type":"PropertyValueSpecification","valueRequired":true,"valueName":"search_term_string"}}],"inLanguage":"sv-SE"},{"@type":"Organization","@id":"https:\/\/metallum.se\/#organization","name":"Metallum - Prototyp &amp; Teknik","url":"https:\/\/metallum.se\/","logo":{"@type":"ImageObject","inLanguage":"sv-SE","@id":"https:\/\/metallum.se\/#\/schema\/logo\/image\/","url":"https:\/\/i0.wp.com\/metallum.se\/wp-content\/uploads\/2023\/01\/cropped-Metallum-Logo-6.jpg?fit=250%2C250&ssl=1","contentUrl":"https:\/\/i0.wp.com\/metallum.se\/wp-content\/uploads\/2023\/01\/cropped-Metallum-Logo-6.jpg?fit=250%2C250&ssl=1","width":250,"height":250,"caption":"Metallum - Prototyp &amp; Teknik"},"image":{"@id":"https:\/\/metallum.se\/#\/schema\/logo\/image\/"}}]}},"jetpack-related-posts":[],"jetpack_sharing_enabled":true,"_links":{"self":[{"href":"https:\/\/metallum.se\/index.php?rest_route=\/wp\/v2\/pages\/373","targetHints":{"allow":["GET"]}}],"collection":[{"href":"https:\/\/metallum.se\/index.php?rest_route=\/wp\/v2\/pages"}],"about":[{"href":"https:\/\/metallum.se\/index.php?rest_route=\/wp\/v2\/types\/page"}],"author":[{"embeddable":true,"href":"https:\/\/metallum.se\/index.php?rest_route=\/wp\/v2\/users\/1"}],"replies":[{"embeddable":true,"href":"https:\/\/metallum.se\/index.php?rest_route=%2Fwp%2Fv2%2Fcomments&post=373"}],"version-history":[{"count":36,"href":"https:\/\/metallum.se\/index.php?rest_route=\/wp\/v2\/pages\/373\/revisions"}],"predecessor-version":[{"id":1119,"href":"https:\/\/metallum.se\/index.php?rest_route=\/wp\/v2\/pages\/373\/revisions\/1119"}],"wp:attachment":[{"href":"https:\/\/metallum.se\/index.php?rest_route=%2Fwp%2Fv2%2Fmedia&parent=373"}],"curies":[{"name":"wp","href":"https:\/\/api.w.org\/{rel}","templated":true}]}}